{"id":2499,"date":"2024-08-29T16:49:25","date_gmt":"2024-08-29T21:49:25","guid":{"rendered":"https:\/\/fast-net.com.co\/?page_id=2499"},"modified":"2024-08-29T17:03:15","modified_gmt":"2024-08-29T22:03:15","slug":"proteccion-infantil","status":"publish","type":"page","link":"https:\/\/fast-net.com.co\/index.php\/proteccion-infantil\/","title":{"rendered":"Protecci\u00f3n infantil"},"content":{"rendered":"\t\t<div data-elementor-type=\"wp-page\" data-elementor-id=\"2499\" class=\"elementor elementor-2499\" data-elementor-post-type=\"page\">\n\t\t\t\t<div class=\"elementor-element elementor-element-dbf3aa6 e-flex e-con-boxed e-con e-parent\" data-id=\"dbf3aa6\" data-element_type=\"container\" data-e-type=\"container\">\n\t\t\t\t\t<div class=\"e-con-inner\">\n\t\t<div class=\"elementor-element elementor-element-29ad711 e-con-full e-flex e-con e-child\" data-id=\"29ad711\" data-element_type=\"container\" data-e-type=\"container\">\n\t\t\t\t<div class=\"elementor-element elementor-element-ae93855 elementor-widget elementor-widget-text-editor\" data-id=\"ae93855\" data-element_type=\"widget\" data-e-type=\"widget\" data-widget_type=\"text-editor.default\">\n\t\t\t\t<div class=\"elementor-widget-container\">\n\t\t\t\t\t\t\t\t\t<p id=\"u128889-3\"><strong>FastNet Telecomunicaciones S.A.S.<\/strong>\u00a0en virtud de la legislaci\u00f3n vigente da cumplimento con la\u00a0<a href=\"httpss:\/\/fast-net.com.co\/wp-content\/uploads\/2021\/09\/ley_679_2001.pdf\">Ley 679 del 3 de agosto de 2001<\/a>, expedida por el Congreso de la Rep\u00fablica, para prevenir y contrarrestar la explotaci\u00f3n, la pornograf\u00eda y el turismo sexual con menores de edad.<\/p><p id=\"u128889-6\">Esta ley, expedida en desarrollo del Art\u00edculo 44 de la Constituci\u00f3n, pretende dictar medidas preventivas y sanciones para quienes exploten y\/o abusen sexualmente de los menores de edad, para as\u00ed ayudar que tengan un desarrollo integral y sano.<\/p><p id=\"u128889-9\"><strong>\u00bfC\u00f3mo denunciar la pornograf\u00eda infantil?<\/strong><\/p><p id=\"u128889-12\">Para formular denuncias contra contenidos de pornograf\u00eda infantil o p\u00e1ginas electr\u00f3nicas en las que se ofrezcan servicios sexuales con menores de edad, existe una iniciativa \u00a1Te protejo: Canal de Denuncia Virtual- En TIC Conf\u00edo! es la campa\u00f1a del Ministerio de Comunicaciones para que todos los colombianos comprendamos el significado de la prevenci\u00f3n de la pornograf\u00eda infantil y juvenil en Internet.<\/p><p id=\"u128889-15\"><strong>\u00bfQu\u00e9 hace el Ministerio de Comunicaciones con estas denuncias?<\/strong><\/p><p id=\"u128889-18\">Las denuncias recibidas por el Ministerio de Comunicaciones sobre p\u00e1ginas de pornograf\u00eda con menores de edad en Internet, son enviadas a la Polic\u00eda Nacional. Esta entidad adelanta el proceso de verificaci\u00f3n, an\u00e1lisis e investigaci\u00f3n de las URL y a su vez suministran al Ministerio de Comunicaciones un listado de URL clasificados como pornograf\u00eda con menores de edad en Internet. El Ministerio con este listado, expide un acto administrativo exigiendo a los ISP (Proveedor de acceso a Internet) el bloqueo de estas p\u00e1ginas en Colombia.<\/p>\t\t\t\t\t\t\t\t<\/div>\n\t\t\t\t<\/div>\n\t\t\t\t<\/div>\n\t\t<div class=\"elementor-element elementor-element-9afd7ed e-con-full e-flex e-con e-child\" data-id=\"9afd7ed\" data-element_type=\"container\" data-e-type=\"container\">\n\t\t\t\t<div class=\"elementor-element elementor-element-676dc81 elementor-widget elementor-widget-video\" data-id=\"676dc81\" data-element_type=\"widget\" data-e-type=\"widget\" data-settings=\"{&quot;youtube_url&quot;:&quot;https:\\\/\\\/youtu.be\\\/q1jLR5SHMBY?si=1BqvCNP-3ILpPtRf&quot;,&quot;video_type&quot;:&quot;youtube&quot;,&quot;controls&quot;:&quot;yes&quot;}\" data-widget_type=\"video.default\">\n\t\t\t\t<div class=\"elementor-widget-container\">\n\t\t\t\t\t\t\t<div class=\"elementor-wrapper elementor-open-inline\">\n\t\t\t<div class=\"elementor-video\"><\/div>\t\t<\/div>\n\t\t\t\t\t\t<\/div>\n\t\t\t\t<\/div>\n\t\t\t\t<div class=\"elementor-element elementor-element-4e70ea2 elementor-widget elementor-widget-video\" data-id=\"4e70ea2\" data-element_type=\"widget\" data-e-type=\"widget\" data-settings=\"{&quot;youtube_url&quot;:&quot;https:\\\/\\\/youtu.be\\\/5L7hANg-7rg?si=_z0_btocKulqS02y&quot;,&quot;video_type&quot;:&quot;youtube&quot;,&quot;controls&quot;:&quot;yes&quot;}\" data-widget_type=\"video.default\">\n\t\t\t\t<div class=\"elementor-widget-container\">\n\t\t\t\t\t\t\t<div class=\"elementor-wrapper elementor-open-inline\">\n\t\t\t<div class=\"elementor-video\"><\/div>\t\t<\/div>\n\t\t\t\t\t\t<\/div>\n\t\t\t\t<\/div>\n\t\t\t\t<\/div>\n\t\t\t\t\t<\/div>\n\t\t\t\t<\/div>\n\t\t<div class=\"elementor-element elementor-element-db6c015 e-flex e-con-boxed e-con e-parent\" data-id=\"db6c015\" data-element_type=\"container\" data-e-type=\"container\">\n\t\t\t\t\t<div class=\"e-con-inner\">\n\t\t\t\t<div class=\"elementor-element elementor-element-0bb942e elementor-widget elementor-widget-heading\" data-id=\"0bb942e\" data-element_type=\"widget\" data-e-type=\"widget\" data-widget_type=\"heading.default\">\n\t\t\t\t<div class=\"elementor-widget-container\">\n\t\t\t\t\t<h2 class=\"elementor-heading-title elementor-size-default\">Sitios para hacer su denuncia<\/h2>\t\t\t\t<\/div>\n\t\t\t\t<\/div>\n\t\t<div class=\"elementor-element elementor-element-e142200 e-grid e-con-full e-con e-child\" data-id=\"e142200\" data-element_type=\"container\" data-e-type=\"container\">\n\t\t\t\t<div class=\"elementor-element elementor-element-43ee652 elementor-widget elementor-widget-text-editor\" data-id=\"43ee652\" data-element_type=\"widget\" data-e-type=\"widget\" data-widget_type=\"text-editor.default\">\n\t\t\t\t<div class=\"elementor-widget-container\">\n\t\t\t\t\t\t\t\t\t<div class=\"wpb_text_column wpb_content_element vc_custom_1603488466515\"><div class=\"wpb_wrapper\"><h6 id=\"u128946-3\"><strong>Direcci\u00f3n Central de Polic\u00eda Judicial \u2013 DIJIN Grupo Investigativo Delitos Inform\u00e1ticos<\/strong><\/h6><\/div><\/div><div class=\"nectar-fancy-ul animated-in\" data-list-icon=\"icon-salient-thin-line\" data-animation=\"true\" data-animation-delay=\"0\" data-color=\"extra-color-3\" data-alignment=\"left\"><ul><li id=\"u128946-7\">Carrera 77A # 45-61 Barrio Modelia<i class=\"icon-default-style icon-salient-thin-line extra-color-3\"><\/i><\/li><li id=\"u128946-7\">PBX: 426 6900 Ext. 6301-6302<i class=\"icon-default-style icon-salient-thin-line extra-color-3\"><\/i><\/li><li id=\"u128946-7\">Directo: 426 63 00<i class=\"icon-default-style icon-salient-thin-line extra-color-3\"><\/i><\/li><li id=\"u128946-7\">Correo electr\u00f3nico: adelinfo@dijin.policia.gov.co<\/li><\/ul><\/div>\t\t\t\t\t\t\t\t<\/div>\n\t\t\t\t<\/div>\n\t\t\t\t<div class=\"elementor-element elementor-element-d9030b5 elementor-widget elementor-widget-text-editor\" data-id=\"d9030b5\" data-element_type=\"widget\" data-e-type=\"widget\" data-widget_type=\"text-editor.default\">\n\t\t\t\t<div class=\"elementor-widget-container\">\n\t\t\t\t\t\t\t\t\t<div class=\"wpb_text_column wpb_content_element vc_custom_1603488082069\"><div class=\"wpb_wrapper\"><h6><strong>EnTIC Confi\u00f3<\/strong><\/h6><\/div><\/div><div class=\"nectar-fancy-ul animated-in\" data-list-icon=\"icon-salient-thin-line\" data-animation=\"true\" data-animation-delay=\"0\" data-color=\"extra-color-3\" data-alignment=\"left\"><ul><li id=\"u128946-7\">Direcci\u00f3n: Edificio Murillo Toro \u2013 Cra. 8a entre calles 12 y 13 Bogot\u00e1<i class=\"icon-default-style icon-salient-thin-line extra-color-3\"><\/i><\/li><li id=\"u128946-7\">Correo electr\u00f3nico: comunicaciones@enticconfio.gov.co<i class=\"icon-default-style icon-salient-thin-line extra-color-3\"><\/i><\/li><li id=\"u128946-7\">Tel\u00e9fonos: 57.1.3443460- 01.800.0914014<\/li><\/ul><\/div>\t\t\t\t\t\t\t\t<\/div>\n\t\t\t\t<\/div>\n\t\t\t\t<div class=\"elementor-element elementor-element-2052526 elementor-widget elementor-widget-text-editor\" data-id=\"2052526\" data-element_type=\"widget\" data-e-type=\"widget\" data-widget_type=\"text-editor.default\">\n\t\t\t\t<div class=\"elementor-widget-container\">\n\t\t\t\t\t\t\t\t\t<div class=\"wpb_text_column wpb_content_element vc_custom_1603488525244\"><div class=\"wpb_wrapper\"><h6><strong>Instituto Colombiano de Bienestar Familiar<\/strong><\/h6><\/div><\/div><div class=\"nectar-fancy-ul animated-in\" data-list-icon=\"icon-salient-thin-line\" data-animation=\"true\" data-animation-delay=\"0\" data-color=\"extra-color-3\" data-alignment=\"left\"><ul><li><i class=\"icon-default-style icon-salient-thin-line extra-color-3\"><\/i>Tel\u00e9fonos: Bogot\u00e1: 01-8000-91-8080 \u2013 6605520 \u2013 6605530<i class=\"icon-default-style icon-salient-thin-line extra-color-3\"><\/i><\/li><li id=\"u128947-9\">Horario: de 7am a 9pm de lunes a domingo<i class=\"icon-default-style icon-salient-thin-line extra-color-3\"><\/i><\/li><li id=\"u128947-13\"><span id=\"u128947-10\">P\u00e1gina Web:<a href=\"https:\/\/www.icbf.gov.co\/\">\u00a0https:\/\/www.icbf.gov.co<\/a><\/span><\/li><\/ul><\/div>\t\t\t\t\t\t\t\t<\/div>\n\t\t\t\t<\/div>\n\t\t\t\t<div class=\"elementor-element elementor-element-46d6079 elementor-widget elementor-widget-text-editor\" data-id=\"46d6079\" data-element_type=\"widget\" data-e-type=\"widget\" data-widget_type=\"text-editor.default\">\n\t\t\t\t<div class=\"elementor-widget-container\">\n\t\t\t\t\t\t\t\t\t<div class=\"wpb_text_column wpb_content_element vc_custom_1603488180301\"><div class=\"wpb_wrapper\"><h6><strong>Ministerio de Telecomunicaciones<\/strong><\/h6><\/div><\/div><div class=\"nectar-fancy-ul animated-in\" data-list-icon=\"icon-salient-thin-line\" data-animation=\"true\" data-animation-delay=\"0\" data-color=\"extra-color-3\" data-alignment=\"left\"><ul><li><i class=\"icon-default-style icon-salient-thin-line extra-color-3\"><\/i>L\u00ednea gratuita nacional 01 800 09 14014<\/li><li><i class=\"icon-default-style icon-salient-thin-line extra-color-3\"><\/i><span id=\"u128948-6\">Sitio web:\u00a0<\/span><a href=\"https:\/\/www.mintic.gov.co\/\">https:\/\/www.mintic.gov.co<\/a><\/li><\/ul><\/div>\t\t\t\t\t\t\t\t<\/div>\n\t\t\t\t<\/div>\n\t\t\t\t<div class=\"elementor-element elementor-element-64f0b60 elementor-widget elementor-widget-text-editor\" data-id=\"64f0b60\" data-element_type=\"widget\" data-e-type=\"widget\" data-widget_type=\"text-editor.default\">\n\t\t\t\t<div class=\"elementor-widget-container\">\n\t\t\t\t\t\t\t\t\t<div class=\"wpb_text_column wpb_content_element vc_custom_1603488668336\"><div class=\"wpb_wrapper\"><h6><strong>Fiscal\u00eda General de la Naci\u00f3n<\/strong><\/h6><\/div><\/div><div class=\"nectar-fancy-ul animated-in\" data-list-icon=\"icon-salient-thin-line\" data-animation=\"true\" data-animation-delay=\"0\" data-color=\"extra-color-3\" data-alignment=\"left\"><ul><li><i class=\"icon-default-style icon-salient-thin-line extra-color-3\"><\/i>L\u00ednea gratuita nacional 01800 09 12280<\/li><li><i class=\"icon-default-style icon-salient-thin-line extra-color-3\"><\/i><span id=\"u128951-6\">Sitio web:\u00a0<\/span><a class=\"nonblock\" href=\"https:\/\/www.fiscalia.gov.co\/\" target=\"_blank\" rel=\"noopener noreferrer\">https:\/\/www.fiscalia.gov.co<\/a><\/li><\/ul><\/div>\t\t\t\t\t\t\t\t<\/div>\n\t\t\t\t<\/div>\n\t\t\t\t<div class=\"elementor-element elementor-element-d4f521e elementor-widget elementor-widget-text-editor\" data-id=\"d4f521e\" data-element_type=\"widget\" data-e-type=\"widget\" data-widget_type=\"text-editor.default\">\n\t\t\t\t<div class=\"elementor-widget-container\">\n\t\t\t\t\t\t\t\t\t<div class=\"wpb_text_column wpb_content_element vc_custom_1603488180301\"><div class=\"wpb_wrapper\"><h6><strong>Te Protejo<\/strong><\/h6><\/div><\/div><div class=\"nectar-fancy-ul animated-in\" data-list-icon=\"icon-salient-thin-line\" data-animation=\"true\" data-animation-delay=\"0\" data-color=\"extra-color-3\" data-alignment=\"left\"><ul><li id=\"u128950-3\">TE PROTEJO es una iniciativa para la efectiva protecci\u00f3n de la\u00a0<span id=\"u128950-4\">infancia y la adolescencia en internet.<\/span><\/li><li><i class=\"icon-default-style icon-salient-thin-line extra-color-3\"><\/i>Sitio Web:\u00a0<a href=\"https:\/\/teprotejo.org\/\">https:\/\/teprotejo.org<\/a><\/li><\/ul><\/div>\t\t\t\t\t\t\t\t<\/div>\n\t\t\t\t<\/div>\n\t\t\t\t<\/div>\n\t\t<div class=\"elementor-element elementor-element-f26d8f1 e-con-full e-flex e-con e-child\" data-id=\"f26d8f1\" data-element_type=\"container\" data-e-type=\"container\">\n\t\t\t\t<\/div>\n\t\t\t\t\t<\/div>\n\t\t\t\t<\/div>\n\t\t\t\t<\/div>\n\t\t","protected":false},"excerpt":{"rendered":"<p>FastNet Telecomunicaciones S.A.S.\u00a0en virtud de la legislaci\u00f3n vigente da cumplimento con la\u00a0Ley 679 del 3 de agosto de 2001, expedida por el Congreso de la Rep\u00fablica, para prevenir y contrarrestar la explotaci\u00f3n, la pornograf\u00eda y el turismo sexual con menores de edad. Esta ley, expedida en desarrollo del Art\u00edculo 44 de la Constituci\u00f3n, pretende dictar [&hellip;]<\/p>\n","protected":false},"author":1,"featured_media":0,"parent":0,"menu_order":0,"comment_status":"closed","ping_status":"closed","template":"","meta":{"footnotes":""},"class_list":["post-2499","page","type-page","status-publish","hentry"],"_links":{"self":[{"href":"https:\/\/fast-net.com.co\/index.php\/wp-json\/wp\/v2\/pages\/2499"}],"collection":[{"href":"https:\/\/fast-net.com.co\/index.php\/wp-json\/wp\/v2\/pages"}],"about":[{"href":"https:\/\/fast-net.com.co\/index.php\/wp-json\/wp\/v2\/types\/page"}],"author":[{"embeddable":true,"href":"https:\/\/fast-net.com.co\/index.php\/wp-json\/wp\/v2\/users\/1"}],"replies":[{"embeddable":true,"href":"https:\/\/fast-net.com.co\/index.php\/wp-json\/wp\/v2\/comments?post=2499"}],"version-history":[{"count":0,"href":"https:\/\/fast-net.com.co\/index.php\/wp-json\/wp\/v2\/pages\/2499\/revisions"}],"wp:attachment":[{"href":"https:\/\/fast-net.com.co\/index.php\/wp-json\/wp\/v2\/media?parent=2499"}],"curies":[{"name":"wp","href":"https:\/\/api.w.org\/{rel}","templated":true}]}}